{"id":2015,"date":"2022-04-19T05:33:32","date_gmt":"2022-04-19T01:03:32","guid":{"rendered":"https:\/\/pinpseals.com\/product\/ffkm\/"},"modified":"2023-04-24T15:34:26","modified_gmt":"2023-04-24T12:04:26","slug":"ffkm-2","status":"publish","type":"product","link":"https:\/\/pinpseals.com\/it\/prodotto\/ffkm-2\/","title":{"rendered":"FFKM"},"content":{"rendered":"","protected":false},"excerpt":{"rendered":"<h4 style=\"text-align: left;\">FFKM (Perofluoroelastomero) nella direzione normale vengono utilizzati i sistemi che hanno il pi\u00f9 alto intervallo di temperatura e materiali che hanno una compatibilit\u00e0 chimica molto ampia nonch\u00e9 materiale plastico con il tasso di mordenzatura pi\u00f9 basso. FFKM in definitiva funziona in sistemi che sono un&#8217;idealizzazione direzionale di prodotti come industrie di semiconduttori, generazione di chip, motori a reazione e ambienti. Ha un&#8217;elaborazione chimica. Per ulteriori informazioni, fare riferimento al seguente collegamento<\/h4>\n<h4 style=\"text-align: left;\"><a href=\"https:\/\/pinpseals.com\/wp-content\/uploads\/FFKM_datasheet_italy.pdf\">Download datasheet<\/a><\/h4>\n<h4 style=\"text-align: right;\"><\/h4>\n","protected":false},"featured_media":2635,"comment_status":"open","ping_status":"closed","template":"","meta":[],"product_cat":[62,60,61],"product_tag":[],"class_list":["post-2015","product","type-product","status-publish","has-post-thumbnail","hentry","product_cat-ffkm-it","product_cat-materiale","product_cat-materiale-di-base"],"_links":{"self":[{"href":"https:\/\/pinpseals.com\/it\/wp-json\/wp\/v2\/product\/2015","targetHints":{"allow":["GET"]}}],"collection":[{"href":"https:\/\/pinpseals.com\/it\/wp-json\/wp\/v2\/product"}],"about":[{"href":"https:\/\/pinpseals.com\/it\/wp-json\/wp\/v2\/types\/product"}],"replies":[{"embeddable":true,"href":"https:\/\/pinpseals.com\/it\/wp-json\/wp\/v2\/comments?post=2015"}],"version-history":[{"count":3,"href":"https:\/\/pinpseals.com\/it\/wp-json\/wp\/v2\/product\/2015\/revisions"}],"predecessor-version":[{"id":2684,"href":"https:\/\/pinpseals.com\/it\/wp-json\/wp\/v2\/product\/2015\/revisions\/2684"}],"wp:featuredmedia":[{"embeddable":true,"href":"https:\/\/pinpseals.com\/it\/wp-json\/wp\/v2\/media\/2635"}],"wp:attachment":[{"href":"https:\/\/pinpseals.com\/it\/wp-json\/wp\/v2\/media?parent=2015"}],"wp:term":[{"taxonomy":"product_cat","embeddable":true,"href":"https:\/\/pinpseals.com\/it\/wp-json\/wp\/v2\/product_cat?post=2015"},{"taxonomy":"product_tag","embeddable":true,"href":"https:\/\/pinpseals.com\/it\/wp-json\/wp\/v2\/product_tag?post=2015"}],"curies":[{"name":"wp","href":"https:\/\/api.w.org\/{rel}","templated":true}]}}