{"id":2208,"date":"2022-02-21T05:31:25","date_gmt":"2022-02-21T06:31:25","guid":{"rendered":"https:\/\/pinpseals.com\/product\/minseal-1400-braided-ptfe-packing\/"},"modified":"2026-01-31T11:32:48","modified_gmt":"2026-01-31T08:02:48","slug":"minseal-1400-braided-ptfe-packing-2","status":"publish","type":"product","link":"https:\/\/pinpseals.com\/it\/prodotto\/minseal-1400-braided-ptfe-packing-2\/","title":{"rendered":"Minseal 1400 Braided PTFE Packing"},"content":{"rendered":"<h4 class=\"has-normal-font-size\"><strong>Caratteristiche e propriet\u00e0 principali:<\/strong><\/h4>\n<h4 class=\"has-normal-font-size\">Materiale: PTFE (politetrafluoroetilene, teflon)<\/h4>\n<h4 class=\"has-normal-font-size\">Costruzione: treccia ad incastro<\/h4>\n<h4 class=\"has-normal-font-size\">Temperatura di lavoro: 540\u00b0F, max. PH: 0-14; Pressione: fino a 2500 psi<\/h4>\n<h4 class=\"has-normal-font-size\"><strong>Applicazioni del prodotto:<\/strong><\/h4>\n<h4 class=\"has-normal-font-size\"><strong>Stile 1400L: Baderna intrecciata in PTFE trattata con lubrificante inerte e resistente al calore, la versione morbida per prestazioni migliori nelle pompe.<\/strong><\/h4>\n<h4 class=\"has-normal-font-size\"><strong>Stile 1400D: Baderna intrecciata in PTFE impregnata con dispersione di PTFE, senza lubrificante, la versione rigida Baderna in PTFE come tenuta statica per valvole, caldaie, recipienti a pressione, ecc.<\/strong><\/h4>\n<h4><div id=\"footable_parent_455\"\n         class=\" footable_parent ninja_table_wrapper loading_ninja_table wp_table_data_press_parent semantic_ui \">\n                <table data-ninja_table_instance=\"ninja_table_instance_0\" data-footable_id=\"455\" data-filter-delay=\"1000\" aria-label=\"Minseal 1400 Braided PTFE Packing\"            id=\"footable_455\"\n           data-unique_identifier=\"ninja_table_unique_id_336981704_455\"\n           class=\" foo-table ninja_footable foo_table_455 ninja_table_unique_id_336981704_455 ui table  nt_type_ajax_table selectable striped vertical_centered  footable-paging-right\">\n                <colgroup>\n                            <col class=\"ninja_column_0 \">\n                            <col class=\"ninja_column_1 \">\n                            <col class=\"ninja_column_2 \">\n                            <col class=\"ninja_column_3 \">\n                    <\/colgroup>\n            <\/table>\n                    <style type=\"text\/css\" id='ninja_table_custom_css_455'>\n                        #footable_455  {\n    font-family: inherit;\n    font-size: 14px;\n    }\n\n    \n                <\/style>\n                \n    \n    \n<\/div>\n<\/h4>\n","protected":false},"excerpt":{"rendered":"<h4 class=\"has-normal-font-size\">La baderna in PTFE \u00e8 intrecciata con filamento in PTFE (politetrafluoroetilene, teflon) ad alta purezza. Il materiale PTFE ha un basso attrito e un&#8217;eccellente resistenza agli agenti chimici. La baderna intrecciata in PTFE \u00e8 resiliente, resistente agli agenti chimici, autolubrificante e resiste a velocit\u00e0 e pressioni lineari elevate con un&#8217;usura minima dell&#8217;albero. La baderna in PTFE pu\u00f2 essere utilizzata in varie pompe e valvole. \u00c8 particolarmente indicato per fluidi corrosivi, applicazioni ad alta velocit\u00e0 o applicazioni che richiedono materiale pulito e con contaminazione minima.<\/h4>\n","protected":false},"featured_media":2376,"comment_status":"open","ping_status":"closed","template":"","meta":[],"product_cat":[65,56,66],"product_tag":[],"class_list":["post-2208","product","type-product","status-publish","has-post-thumbnail","hentry","product_cat-guarnizioni-speciali","product_cat-prodotti","product_cat-sigillature-petrolifere-chimiche-e-petrolchimiche"],"_links":{"self":[{"href":"https:\/\/pinpseals.com\/it\/wp-json\/wp\/v2\/product\/2208","targetHints":{"allow":["GET"]}}],"collection":[{"href":"https:\/\/pinpseals.com\/it\/wp-json\/wp\/v2\/product"}],"about":[{"href":"https:\/\/pinpseals.com\/it\/wp-json\/wp\/v2\/types\/product"}],"replies":[{"embeddable":true,"href":"https:\/\/pinpseals.com\/it\/wp-json\/wp\/v2\/comments?post=2208"}],"version-history":[{"count":1,"href":"https:\/\/pinpseals.com\/it\/wp-json\/wp\/v2\/product\/2208\/revisions"}],"predecessor-version":[{"id":2379,"href":"https:\/\/pinpseals.com\/it\/wp-json\/wp\/v2\/product\/2208\/revisions\/2379"}],"wp:featuredmedia":[{"embeddable":true,"href":"https:\/\/pinpseals.com\/it\/wp-json\/wp\/v2\/media\/2376"}],"wp:attachment":[{"href":"https:\/\/pinpseals.com\/it\/wp-json\/wp\/v2\/media?parent=2208"}],"wp:term":[{"taxonomy":"product_cat","embeddable":true,"href":"https:\/\/pinpseals.com\/it\/wp-json\/wp\/v2\/product_cat?post=2208"},{"taxonomy":"product_tag","embeddable":true,"href":"https:\/\/pinpseals.com\/it\/wp-json\/wp\/v2\/product_tag?post=2208"}],"curies":[{"name":"wp","href":"https:\/\/api.w.org\/{rel}","templated":true}]}}