{"id":2212,"date":"2022-02-17T08:19:26","date_gmt":"2022-02-17T09:19:26","guid":{"rendered":"https:\/\/pinpseals.com\/product\/pinptal-1-pom-bianco\/"},"modified":"2022-08-02T06:42:21","modified_gmt":"2022-08-02T06:42:21","slug":"pinptal-1-pom-bianco","status":"publish","type":"product","link":"https:\/\/pinpseals.com\/it\/prodotto\/pinptal-1-pom-bianco\/","title":{"rendered":"PINPTAL \u2013 1 (POM) bianco"},"content":{"rendered":"","protected":false},"excerpt":{"rendered":"<h4>PINPTAL \u2013 1 is a polyacetal-copolymer used mainly for backup rings, guide rings, bushes, and precision machined parts with tight tolerances. Il POM \u00e8 uno dei tecnopolimeri pi\u00f9 importanti con buone propriet\u00e0 fisiche, basso assorbimento d&#8217;acqua e buona resistenza chimica. Viene utilizzato in oli minerali, fluidi in pressione resistenti al fuoco a base d&#8217;acqua (HFA, HFB e HFC), acidi concentrati e basi che lo distruggeranno. PINPTAL \u2013 1 \u00e8 adatto per applicazioni a contatto con alimenti e trova impiego anche in numerose applicazioni nel settore sanitario e farmaceutico.<\/h4>\n","protected":false},"featured_media":1642,"comment_status":"open","ping_status":"closed","template":"","meta":[],"product_cat":[60,75],"product_tag":[],"class_list":["post-2212","product","type-product","status-publish","has-post-thumbnail","hentry","product_cat-materiale","product_cat-materiale-di-profilo"],"_links":{"self":[{"href":"https:\/\/pinpseals.com\/it\/wp-json\/wp\/v2\/product\/2212","targetHints":{"allow":["GET"]}}],"collection":[{"href":"https:\/\/pinpseals.com\/it\/wp-json\/wp\/v2\/product"}],"about":[{"href":"https:\/\/pinpseals.com\/it\/wp-json\/wp\/v2\/types\/product"}],"replies":[{"embeddable":true,"href":"https:\/\/pinpseals.com\/it\/wp-json\/wp\/v2\/comments?post=2212"}],"version-history":[{"count":1,"href":"https:\/\/pinpseals.com\/it\/wp-json\/wp\/v2\/product\/2212\/revisions"}],"predecessor-version":[{"id":2416,"href":"https:\/\/pinpseals.com\/it\/wp-json\/wp\/v2\/product\/2212\/revisions\/2416"}],"wp:featuredmedia":[{"embeddable":true,"href":"https:\/\/pinpseals.com\/it\/wp-json\/wp\/v2\/media\/1642"}],"wp:attachment":[{"href":"https:\/\/pinpseals.com\/it\/wp-json\/wp\/v2\/media?parent=2212"}],"wp:term":[{"taxonomy":"product_cat","embeddable":true,"href":"https:\/\/pinpseals.com\/it\/wp-json\/wp\/v2\/product_cat?post=2212"},{"taxonomy":"product_tag","embeddable":true,"href":"https:\/\/pinpseals.com\/it\/wp-json\/wp\/v2\/product_tag?post=2212"}],"curies":[{"name":"wp","href":"https:\/\/api.w.org\/{rel}","templated":true}]}}