{"id":2238,"date":"2022-02-17T08:01:11","date_gmt":"2022-02-17T09:01:11","guid":{"rendered":"https:\/\/pinpseals.com\/product\/polyurethanes\/"},"modified":"2022-08-02T06:11:14","modified_gmt":"2022-08-02T06:11:14","slug":"polyurethanes-2","status":"publish","type":"product","link":"https:\/\/pinpseals.com\/it\/prodotto\/polyurethanes-2\/","title":{"rendered":"Polyurethanes"},"content":{"rendered":"","protected":false},"excerpt":{"rendered":"<h4>I poliuretani svolgono un ruolo importante nella tecnologia di tenuta odierna. Hanno guadagnato un&#8217;importante quota di mercato nel mercato globale delle guarnizioni e sono utilizzati principalmente come anelli a U per pistoni e steli, raschiatori e guarnizioni composite. PINP Sealing Solution pu\u00f2 offrire ai nostri clienti un&#8217;ampia variet\u00e0 di composti poliuretanici, la nostra tecnologia di produzione garantisce lo sviluppo di eccellenti propriet\u00e0 fisiche durante la polimerizzazione con risultati in un&#8217;eccezionale qualit\u00e0 del materiale.<\/h4>\n","protected":false},"featured_media":1622,"comment_status":"open","ping_status":"closed","template":"","meta":[],"product_cat":[60,75],"product_tag":[],"class_list":["post-2238","product","type-product","status-publish","has-post-thumbnail","hentry","product_cat-materiale","product_cat-materiale-di-profilo"],"_links":{"self":[{"href":"https:\/\/pinpseals.com\/it\/wp-json\/wp\/v2\/product\/2238","targetHints":{"allow":["GET"]}}],"collection":[{"href":"https:\/\/pinpseals.com\/it\/wp-json\/wp\/v2\/product"}],"about":[{"href":"https:\/\/pinpseals.com\/it\/wp-json\/wp\/v2\/types\/product"}],"replies":[{"embeddable":true,"href":"https:\/\/pinpseals.com\/it\/wp-json\/wp\/v2\/comments?post=2238"}],"version-history":[{"count":1,"href":"https:\/\/pinpseals.com\/it\/wp-json\/wp\/v2\/product\/2238\/revisions"}],"predecessor-version":[{"id":2407,"href":"https:\/\/pinpseals.com\/it\/wp-json\/wp\/v2\/product\/2238\/revisions\/2407"}],"wp:featuredmedia":[{"embeddable":true,"href":"https:\/\/pinpseals.com\/it\/wp-json\/wp\/v2\/media\/1622"}],"wp:attachment":[{"href":"https:\/\/pinpseals.com\/it\/wp-json\/wp\/v2\/media?parent=2238"}],"wp:term":[{"taxonomy":"product_cat","embeddable":true,"href":"https:\/\/pinpseals.com\/it\/wp-json\/wp\/v2\/product_cat?post=2238"},{"taxonomy":"product_tag","embeddable":true,"href":"https:\/\/pinpseals.com\/it\/wp-json\/wp\/v2\/product_tag?post=2238"}],"curies":[{"name":"wp","href":"https:\/\/api.w.org\/{rel}","templated":true}]}}