{"id":2247,"date":"2022-02-16T07:06:43","date_gmt":"2022-02-16T08:06:43","guid":{"rendered":"https:\/\/pinpseals.com\/product\/elastomers\/"},"modified":"2022-08-02T08:58:21","modified_gmt":"2022-08-02T08:58:21","slug":"elastomers-3","status":"publish","type":"product","link":"https:\/\/pinpseals.com\/it\/prodotto\/elastomers-3\/","title":{"rendered":"Elastomers"},"content":{"rendered":"","protected":false},"excerpt":{"rendered":"<h4>Gli elastomeri sono utilizzati nelle industrie a causa della loro durata. Possono resistere a graffi, attacchi di corrosione da diversi prodotti chimici e medie di umidit\u00e0 e immersione in acqua. E poich\u00e9 gli elastomeri non conducono corrente elettrica, sono ottimi isolanti elettronici. Un altro vantaggio degli elastomeri \u00e8 che aggiungono forza ad alcune caratteristiche specifiche.<br \/>\nGli elastomeri possono essere facilmente installati anche con altri materiali come plastica dura, metallo e altri tipi di gomma, con un&#8217;aderenza eccezionale. Gli elastomeri hanno la capacit\u00e0 di reticolare, il che significa che diverse catene di molecole polimeriche sono state tutte collegate tra loro rendendo possibile l&#8217;allungamento e il ritorno alla loro forma e disposizione originali.<\/h4>\n","protected":false},"featured_media":2430,"comment_status":"open","ping_status":"closed","template":"","meta":[],"product_cat":[60,77,76],"product_tag":[],"class_list":["post-2247","product","type-product","status-publish","has-post-thumbnail","hentry","product_cat-materiale","product_cat-materiali-di-tenuta","product_cat-raw-material-it"],"_links":{"self":[{"href":"https:\/\/pinpseals.com\/it\/wp-json\/wp\/v2\/product\/2247","targetHints":{"allow":["GET"]}}],"collection":[{"href":"https:\/\/pinpseals.com\/it\/wp-json\/wp\/v2\/product"}],"about":[{"href":"https:\/\/pinpseals.com\/it\/wp-json\/wp\/v2\/types\/product"}],"replies":[{"embeddable":true,"href":"https:\/\/pinpseals.com\/it\/wp-json\/wp\/v2\/comments?post=2247"}],"version-history":[{"count":1,"href":"https:\/\/pinpseals.com\/it\/wp-json\/wp\/v2\/product\/2247\/revisions"}],"predecessor-version":[{"id":2424,"href":"https:\/\/pinpseals.com\/it\/wp-json\/wp\/v2\/product\/2247\/revisions\/2424"}],"wp:featuredmedia":[{"embeddable":true,"href":"https:\/\/pinpseals.com\/it\/wp-json\/wp\/v2\/media\/2430"}],"wp:attachment":[{"href":"https:\/\/pinpseals.com\/it\/wp-json\/wp\/v2\/media?parent=2247"}],"wp:term":[{"taxonomy":"product_cat","embeddable":true,"href":"https:\/\/pinpseals.com\/it\/wp-json\/wp\/v2\/product_cat?post=2247"},{"taxonomy":"product_tag","embeddable":true,"href":"https:\/\/pinpseals.com\/it\/wp-json\/wp\/v2\/product_tag?post=2247"}],"curies":[{"name":"wp","href":"https:\/\/api.w.org\/{rel}","templated":true}]}}