{"id":2250,"date":"2022-01-22T12:42:45","date_gmt":"2022-01-22T13:42:45","guid":{"rendered":"https:\/\/pinpseals.com\/product\/tfg-25-ptfe-caricato-vetro\/"},"modified":"2022-08-14T08:20:43","modified_gmt":"2022-08-14T08:20:43","slug":"tfg-25-ptfe-riempito-di-vetro","status":"publish","type":"product","link":"https:\/\/pinpseals.com\/it\/prodotto\/tfg-25-ptfe-riempito-di-vetro\/","title":{"rendered":"TFG &#8211; 25% PTFE caricato vetro[ninja_tables id=\"2552\"]"},"content":{"rendered":"<h4 class=\"themecolor\">Durezza: 60 Shore D<\/h4>\n<h4 class=\"themecolor\">Temp: da -200 a +260<\/h4>\n<h4 class=\"big\">Il 25% di vetro deve essere evitato con un forte uso di alcali e acidi idraulici, ideali per applicazioni ad alto carico.<\/h4>\n<h4><div id=\"footable_parent_2552\"\n         class=\" footable_parent ninja_table_wrapper loading_ninja_table wp_table_data_press_parent semantic_ui \">\n                <table data-ninja_table_instance=\"ninja_table_instance_0\" data-footable_id=\"2552\" data-filter-delay=\"1000\" aria-label=\"TFG \u2013 25% GLASS FILLED PTFE-it\"            id=\"footable_2552\"\n           data-unique_identifier=\"ninja_table_unique_id_782305451_2552\"\n           class=\" foo-table ninja_footable foo_table_2552 ninja_table_unique_id_782305451_2552 ui table  nt_type_ajax_table selectable striped vertical_centered  footable-paging-right\">\n                <colgroup>\n                            <col class=\"ninja_column_0 \">\n                            <col class=\"ninja_column_1 \">\n                            <col class=\"ninja_column_2 \">\n                            <col class=\"ninja_column_3 \">\n                    <\/colgroup>\n            <\/table>\n                    <style type=\"text\/css\" id='ninja_table_custom_css_2552'>\n                        #footable_2552  {\n    font-family: inherit;\n    font-size: 14px;\n    }\n\n    \n                <\/style>\n                \n    \n    \n<\/div>\n<\/h4>\n","protected":false},"excerpt":{"rendered":"<h4>Descrizione del progetto<\/h4>\n<h4>PTFE 25% vetro contiene il 25% di fibre fresate pulite e il 75% di PTFE vergine ed \u00e8 disponibile in bianco con una durezza di 60 Shore D.<br \/>\nQuesto materiale offre una maggiore rigidit\u00e0 e migliori propriet\u00e0 di usura rispetto al PTFE vergine. Non \u00e8 utilizzabile per controparti in metallo morbido e ha un utilizzo limitato in acqua calda.<\/h4>\n","protected":false},"featured_media":1611,"comment_status":"open","ping_status":"closed","template":"","meta":[],"product_cat":[60,78,76],"product_tag":[],"class_list":["post-2250","product","type-product","status-publish","has-post-thumbnail","hentry","product_cat-materiale","product_cat-materiali-in-teflon","product_cat-raw-material-it"],"_links":{"self":[{"href":"https:\/\/pinpseals.com\/it\/wp-json\/wp\/v2\/product\/2250","targetHints":{"allow":["GET"]}}],"collection":[{"href":"https:\/\/pinpseals.com\/it\/wp-json\/wp\/v2\/product"}],"about":[{"href":"https:\/\/pinpseals.com\/it\/wp-json\/wp\/v2\/types\/product"}],"replies":[{"embeddable":true,"href":"https:\/\/pinpseals.com\/it\/wp-json\/wp\/v2\/comments?post=2250"}],"version-history":[{"count":2,"href":"https:\/\/pinpseals.com\/it\/wp-json\/wp\/v2\/product\/2250\/revisions"}],"predecessor-version":[{"id":2553,"href":"https:\/\/pinpseals.com\/it\/wp-json\/wp\/v2\/product\/2250\/revisions\/2553"}],"wp:featuredmedia":[{"embeddable":true,"href":"https:\/\/pinpseals.com\/it\/wp-json\/wp\/v2\/media\/1611"}],"wp:attachment":[{"href":"https:\/\/pinpseals.com\/it\/wp-json\/wp\/v2\/media?parent=2250"}],"wp:term":[{"taxonomy":"product_cat","embeddable":true,"href":"https:\/\/pinpseals.com\/it\/wp-json\/wp\/v2\/product_cat?post=2250"},{"taxonomy":"product_tag","embeddable":true,"href":"https:\/\/pinpseals.com\/it\/wp-json\/wp\/v2\/product_tag?post=2250"}],"curies":[{"name":"wp","href":"https:\/\/api.w.org\/{rel}","templated":true}]}}