{"id":2251,"date":"2022-01-22T12:40:31","date_gmt":"2022-01-22T13:40:31","guid":{"rendered":"https:\/\/pinpseals.com\/product\/tmcf\/"},"modified":"2022-08-14T09:49:58","modified_gmt":"2022-08-14T09:49:58","slug":"tmcf-2","status":"publish","type":"product","link":"https:\/\/pinpseals.com\/it\/prodotto\/tmcf-2\/","title":{"rendered":"TMCF"},"content":{"rendered":"<h4>Durezza: 60 Shore D<\/h4>\n<h4>Temp: da -200 a +260<\/h4>\n<h4>Utilizzato in applicazioni dinamiche ad alta velocit\u00e0, buone propriet\u00e0 di carico e adatto per applicazioni di guarnizioni di carico maggiore.<\/h4>\n<h4><div id=\"footable_parent_2557\"\n         class=\" footable_parent ninja_table_wrapper loading_ninja_table wp_table_data_press_parent semantic_ui \">\n                <table data-ninja_table_instance=\"ninja_table_instance_0\" data-footable_id=\"2557\" data-filter-delay=\"1000\" aria-label=\"TMCF-it\"            id=\"footable_2557\"\n           data-unique_identifier=\"ninja_table_unique_id_588833339_2557\"\n           class=\" foo-table ninja_footable foo_table_2557 ninja_table_unique_id_588833339_2557 ui table  nt_type_ajax_table selectable striped vertical_centered  footable-paging-right\">\n                <colgroup>\n                            <col class=\"ninja_column_0 \">\n                            <col class=\"ninja_column_1 \">\n                            <col class=\"ninja_column_2 \">\n                            <col class=\"ninja_column_3 \">\n                    <\/colgroup>\n            <\/table>\n                    <style type=\"text\/css\" id='ninja_table_custom_css_2557'>\n                        #footable_2557  {\n    font-family: inherit;\n    font-size: 14px;\n    }\n\n    \n                <\/style>\n                \n    \n    \n<\/div>\n<\/h4>\n","protected":false},"excerpt":{"rendered":"<h4>Descrizione del progetto<\/h4>\n<h4>Questo materiale \u00e8 disponibile in una miscela di PTFE vergine, cariche di carbonio e additivi. Il suo colore \u00e8 nero con una durezza di 60 shore D. PINP TMCF ha buone propriet\u00e0 di marcia a secco e viene utilizzato per le guarnizioni nei compressori o per le guarnizioni a labbro.<br \/>\nEccezionale durata all&#8217;usura rispetto ai gradi di carbonio convenzionali. Esempi di applicazioni: anelli di tenuta, fasce elastiche e fasce elastiche per compressori.<\/h4>\n","protected":false},"featured_media":1610,"comment_status":"open","ping_status":"closed","template":"","meta":[],"product_cat":[60,78,76],"product_tag":[],"class_list":["post-2251","product","type-product","status-publish","has-post-thumbnail","hentry","product_cat-materiale","product_cat-materiali-in-teflon","product_cat-raw-material-it"],"_links":{"self":[{"href":"https:\/\/pinpseals.com\/it\/wp-json\/wp\/v2\/product\/2251","targetHints":{"allow":["GET"]}}],"collection":[{"href":"https:\/\/pinpseals.com\/it\/wp-json\/wp\/v2\/product"}],"about":[{"href":"https:\/\/pinpseals.com\/it\/wp-json\/wp\/v2\/types\/product"}],"replies":[{"embeddable":true,"href":"https:\/\/pinpseals.com\/it\/wp-json\/wp\/v2\/comments?post=2251"}],"version-history":[{"count":3,"href":"https:\/\/pinpseals.com\/it\/wp-json\/wp\/v2\/product\/2251\/revisions"}],"predecessor-version":[{"id":2560,"href":"https:\/\/pinpseals.com\/it\/wp-json\/wp\/v2\/product\/2251\/revisions\/2560"}],"wp:featuredmedia":[{"embeddable":true,"href":"https:\/\/pinpseals.com\/it\/wp-json\/wp\/v2\/media\/1610"}],"wp:attachment":[{"href":"https:\/\/pinpseals.com\/it\/wp-json\/wp\/v2\/media?parent=2251"}],"wp:term":[{"taxonomy":"product_cat","embeddable":true,"href":"https:\/\/pinpseals.com\/it\/wp-json\/wp\/v2\/product_cat?post=2251"},{"taxonomy":"product_tag","embeddable":true,"href":"https:\/\/pinpseals.com\/it\/wp-json\/wp\/v2\/product_tag?post=2251"}],"curies":[{"name":"wp","href":"https:\/\/api.w.org\/{rel}","templated":true}]}}