{"id":2252,"date":"2022-01-22T12:37:44","date_gmt":"2022-01-22T13:37:44","guid":{"rendered":"https:\/\/pinpseals.com\/product\/ptfe-polytetrafluoroethylene\/"},"modified":"2022-08-14T08:04:48","modified_gmt":"2022-08-14T08:04:48","slug":"ptfe-polytetrafluoroethylene-2","status":"publish","type":"product","link":"https:\/\/pinpseals.com\/it\/prodotto\/ptfe-polytetrafluoroethylene-2\/","title":{"rendered":"PTFE-Polytetrafluoroethylene"},"content":{"rendered":"<h4 class=\"themecolor\">Durezza: 55 Shore D<\/h4>\n<h4 class=\"themecolor\">Temp: da -200 a +260<\/h4>\n<h4 class=\"big\">Eccellente resistenza a tutto tondo ad acidi, alcali, chetoni, esteri, ammine, acqua e solventi, eccellente intervallo di temperatura.<\/h4>\n<h4><div id=\"footable_parent_2548\"\n         class=\" footable_parent ninja_table_wrapper loading_ninja_table wp_table_data_press_parent semantic_ui \">\n                <table data-ninja_table_instance=\"ninja_table_instance_0\" data-footable_id=\"2548\" data-filter-delay=\"1000\" aria-label=\"PTFE-Polytetrafluoroethylene-it\"            id=\"footable_2548\"\n           data-unique_identifier=\"ninja_table_unique_id_1635192432_2548\"\n           class=\" foo-table ninja_footable foo_table_2548 ninja_table_unique_id_1635192432_2548 ui table  nt_type_ajax_table selectable striped vertical_centered  footable-paging-right\">\n                <colgroup>\n                            <col class=\"ninja_column_0 \">\n                    <\/colgroup>\n            <\/table>\n                    <style type=\"text\/css\" id='ninja_table_custom_css_2548'>\n                        #footable_2548  {\n    font-family: inherit;\n    font-size: 14px;\n    }\n\n    \n                <\/style>\n                \n    \n    \n<\/div>\n<\/h4>\n","protected":false},"excerpt":{"rendered":"<h4>Descrizione del progetto<\/h4>\n<h4>Il PTFE puro al 100%, bianco con durezza 55 D, \u00e8 resistente a quasi tutte le sostanze chimiche a parte il fluoro, i metalli alcalini fusi e gli alogeni. Ha anche eccellenti propriet\u00e0 di scorrimento. A causa della sua bassa elasticit\u00e0, il PTFE vergine non \u00e8 adatto a carichi meccanici elevati.<br \/>\nCome materiale per cuscinetti, il PTFE ha una scarsa conduttivit\u00e0 termica, un elevato coefficiente di espansione e una bassa capacit\u00e0 di carico.<br \/>\nHa anche una bassa resistenza all&#8217;usura abrasiva.<\/h4>\n","protected":false},"featured_media":1609,"comment_status":"open","ping_status":"closed","template":"","meta":[],"product_cat":[60,78,76],"product_tag":[],"class_list":["post-2252","product","type-product","status-publish","has-post-thumbnail","hentry","product_cat-materiale","product_cat-materiali-in-teflon","product_cat-raw-material-it"],"_links":{"self":[{"href":"https:\/\/pinpseals.com\/it\/wp-json\/wp\/v2\/product\/2252","targetHints":{"allow":["GET"]}}],"collection":[{"href":"https:\/\/pinpseals.com\/it\/wp-json\/wp\/v2\/product"}],"about":[{"href":"https:\/\/pinpseals.com\/it\/wp-json\/wp\/v2\/types\/product"}],"replies":[{"embeddable":true,"href":"https:\/\/pinpseals.com\/it\/wp-json\/wp\/v2\/comments?post=2252"}],"version-history":[{"count":2,"href":"https:\/\/pinpseals.com\/it\/wp-json\/wp\/v2\/product\/2252\/revisions"}],"predecessor-version":[{"id":2549,"href":"https:\/\/pinpseals.com\/it\/wp-json\/wp\/v2\/product\/2252\/revisions\/2549"}],"wp:featuredmedia":[{"embeddable":true,"href":"https:\/\/pinpseals.com\/it\/wp-json\/wp\/v2\/media\/1609"}],"wp:attachment":[{"href":"https:\/\/pinpseals.com\/it\/wp-json\/wp\/v2\/media?parent=2252"}],"wp:term":[{"taxonomy":"product_cat","embeddable":true,"href":"https:\/\/pinpseals.com\/it\/wp-json\/wp\/v2\/product_cat?post=2252"},{"taxonomy":"product_tag","embeddable":true,"href":"https:\/\/pinpseals.com\/it\/wp-json\/wp\/v2\/product_tag?post=2252"}],"curies":[{"name":"wp","href":"https:\/\/api.w.org\/{rel}","templated":true}]}}