{"id":2257,"date":"2022-01-22T10:19:05","date_gmt":"2022-01-22T11:19:05","guid":{"rendered":"https:\/\/pinpseals.com\/product\/epdm-peroxide\/"},"modified":"2022-08-04T06:01:51","modified_gmt":"2022-08-04T06:01:51","slug":"epdm-peroxide-2","status":"publish","type":"product","link":"https:\/\/pinpseals.com\/it\/prodotto\/epdm-peroxide-2\/","title":{"rendered":"EPDM Peroxide"},"content":{"rendered":"<h4 class=\"themecolor\">Durezza: 85 Shore A<\/h4>\n<h4 class=\"themecolor\">Temp: da -50 a +100<\/h4>\n<h4 class=\"big\">Buono alle basse temperature, basso compression set, buona resistenza all&#8217;acqua calda, al vapore e agli oli vegetali e ottima resistenza agli agenti atmosferici.<\/h4>\n<h4><div id=\"footable_parent_2522\"\n         class=\" footable_parent ninja_table_wrapper loading_ninja_table wp_table_data_press_parent semantic_ui \">\n                <table data-ninja_table_instance=\"ninja_table_instance_0\" data-footable_id=\"2522\" data-filter-delay=\"1000\" aria-label=\"EPDM Peroxide-it\"            id=\"footable_2522\"\n           data-unique_identifier=\"ninja_table_unique_id_1689377600_2522\"\n           class=\" foo-table ninja_footable foo_table_2522 ninja_table_unique_id_1689377600_2522 ui table  nt_type_ajax_table selectable striped vertical_centered  footable-paging-right\">\n                <colgroup>\n                            <col class=\"ninja_column_0 \">\n                            <col class=\"ninja_column_1 \">\n                            <col class=\"ninja_column_2 \">\n                            <col class=\"ninja_column_3 \">\n                    <\/colgroup>\n            <\/table>\n                    <style type=\"text\/css\" id='ninja_table_custom_css_2522'>\n                        #footable_2522  {\n    font-family: inherit;\n    font-size: 14px;\n    }\n\n    \n                <\/style>\n                \n    \n    \n<\/div>\n<\/h4>\n","protected":false},"excerpt":{"rendered":"<h4 style=\"text-align: left;\">Descrizione del progetto<\/h4>\n<h4 style=\"text-align: left;\">Il materiale ha ottime propriet\u00e0 alle basse temperature, elevata resistenza all&#8217;ozono, all&#8217;invecchiamento e agli agenti atmosferici, nonch\u00e9 solventi polari (alcoli, chetoni, esteri) e liquidi HFC e liquidi per freni a base di glicole. Tuttavia, non \u00e8 resistente ai prodotti petroliferi, ai grassi e agli oli.<\/h4>\n","protected":false},"featured_media":1604,"comment_status":"open","ping_status":"closed","template":"","meta":[],"product_cat":[60,79,76],"product_tag":[],"class_list":["post-2257","product","type-product","status-publish","has-post-thumbnail","hentry","product_cat-materiale","product_cat-materiali-in-gomma","product_cat-raw-material-it"],"_links":{"self":[{"href":"https:\/\/pinpseals.com\/it\/wp-json\/wp\/v2\/product\/2257","targetHints":{"allow":["GET"]}}],"collection":[{"href":"https:\/\/pinpseals.com\/it\/wp-json\/wp\/v2\/product"}],"about":[{"href":"https:\/\/pinpseals.com\/it\/wp-json\/wp\/v2\/types\/product"}],"replies":[{"embeddable":true,"href":"https:\/\/pinpseals.com\/it\/wp-json\/wp\/v2\/comments?post=2257"}],"version-history":[{"count":2,"href":"https:\/\/pinpseals.com\/it\/wp-json\/wp\/v2\/product\/2257\/revisions"}],"predecessor-version":[{"id":2525,"href":"https:\/\/pinpseals.com\/it\/wp-json\/wp\/v2\/product\/2257\/revisions\/2525"}],"wp:featuredmedia":[{"embeddable":true,"href":"https:\/\/pinpseals.com\/it\/wp-json\/wp\/v2\/media\/1604"}],"wp:attachment":[{"href":"https:\/\/pinpseals.com\/it\/wp-json\/wp\/v2\/media?parent=2257"}],"wp:term":[{"taxonomy":"product_cat","embeddable":true,"href":"https:\/\/pinpseals.com\/it\/wp-json\/wp\/v2\/product_cat?post=2257"},{"taxonomy":"product_tag","embeddable":true,"href":"https:\/\/pinpseals.com\/it\/wp-json\/wp\/v2\/product_tag?post=2257"}],"curies":[{"name":"wp","href":"https:\/\/api.w.org\/{rel}","templated":true}]}}