{"id":2259,"date":"2022-01-22T10:11:14","date_gmt":"2022-01-22T11:11:14","guid":{"rendered":"https:\/\/pinpseals.com\/product\/hnbr-hydrogenate-butadiene-rubber\/"},"modified":"2022-08-04T06:12:44","modified_gmt":"2022-08-04T06:12:44","slug":"hnbr-hydrogenate-butadiene-rubber-2","status":"publish","type":"product","link":"https:\/\/pinpseals.com\/it\/prodotto\/hnbr-hydrogenate-butadiene-rubber-2\/","title":{"rendered":"HNBR-Hydrogenate Butadiene Rubber"},"content":{"rendered":"<h4 class=\"themecolor\">Durezza: 87 Shore A<\/h4>\n<h4 class=\"themecolor\">Temp: da -20 a +150<\/h4>\n<h4 class=\"big\">Adatto per applicazioni che coinvolgono idrocarburi alifatici come carburanti, propano, butano, oli minerali e grassi.<\/h4>\n<h4><div id=\"footable_parent_2526\"\n         class=\" footable_parent ninja_table_wrapper loading_ninja_table wp_table_data_press_parent semantic_ui \">\n                <table data-ninja_table_instance=\"ninja_table_instance_0\" data-footable_id=\"2526\" data-filter-delay=\"1000\" aria-label=\"HNBR-it\"            id=\"footable_2526\"\n           data-unique_identifier=\"ninja_table_unique_id_1281378170_2526\"\n           class=\" foo-table ninja_footable foo_table_2526 ninja_table_unique_id_1281378170_2526 ui table  nt_type_ajax_table selectable striped vertical_centered  footable-paging-right\">\n                <colgroup>\n                            <col class=\"ninja_column_0 \">\n                            <col class=\"ninja_column_1 \">\n                            <col class=\"ninja_column_2 \">\n                            <col class=\"ninja_column_3 \">\n                    <\/colgroup>\n            <\/table>\n                    <style type=\"text\/css\" id='ninja_table_custom_css_2526'>\n                        #footable_2526  {\n    font-family: inherit;\n    font-size: 14px;\n    }\n\n    \n                <\/style>\n                \n    \n    \n<\/div>\n<\/h4>\n","protected":false},"excerpt":{"rendered":"<h4>Descrizione del progetto<\/h4>\n<h4>HNBR ha una migliore resistenza all&#8217;abrasione mentre \u00e8 ancora mantenendo un&#8217;elevata elasticit\u00e0. La sua gamma di temperatura di servizio \u00e8 da -20\u00b0C a 150\u00b0C. Funziona anche per un breve periodo a caldo aria fino a 180\u00b0C.<\/h4>\n<h4>\u00c8 resistente a non polare e basso polare media (grassi vegetali e animali) ed in particolare minerali olii (oli lubrificanti, oli idraulici o combustibili}, idrocarburi alifatici e liquidi HFA, HFB e HFC. \u00c8 anche adatto per l&#8217;uso in acqua, acidi inorganici diluiti e alcali<\/h4>\n","protected":false},"featured_media":1602,"comment_status":"open","ping_status":"closed","template":"","meta":[],"product_cat":[60,79,76],"product_tag":[],"class_list":["post-2259","product","type-product","status-publish","has-post-thumbnail","hentry","product_cat-materiale","product_cat-materiali-in-gomma","product_cat-raw-material-it"],"_links":{"self":[{"href":"https:\/\/pinpseals.com\/it\/wp-json\/wp\/v2\/product\/2259","targetHints":{"allow":["GET"]}}],"collection":[{"href":"https:\/\/pinpseals.com\/it\/wp-json\/wp\/v2\/product"}],"about":[{"href":"https:\/\/pinpseals.com\/it\/wp-json\/wp\/v2\/types\/product"}],"replies":[{"embeddable":true,"href":"https:\/\/pinpseals.com\/it\/wp-json\/wp\/v2\/comments?post=2259"}],"version-history":[{"count":1,"href":"https:\/\/pinpseals.com\/it\/wp-json\/wp\/v2\/product\/2259\/revisions"}],"predecessor-version":[{"id":2529,"href":"https:\/\/pinpseals.com\/it\/wp-json\/wp\/v2\/product\/2259\/revisions\/2529"}],"wp:featuredmedia":[{"embeddable":true,"href":"https:\/\/pinpseals.com\/it\/wp-json\/wp\/v2\/media\/1602"}],"wp:attachment":[{"href":"https:\/\/pinpseals.com\/it\/wp-json\/wp\/v2\/media?parent=2259"}],"wp:term":[{"taxonomy":"product_cat","embeddable":true,"href":"https:\/\/pinpseals.com\/it\/wp-json\/wp\/v2\/product_cat?post=2259"},{"taxonomy":"product_tag","embeddable":true,"href":"https:\/\/pinpseals.com\/it\/wp-json\/wp\/v2\/product_tag?post=2259"}],"curies":[{"name":"wp","href":"https:\/\/api.w.org\/{rel}","templated":true}]}}