{"id":2262,"date":"2022-01-22T09:16:31","date_gmt":"2022-01-22T10:16:31","guid":{"rendered":"https:\/\/pinpseals.com\/product\/napo\/"},"modified":"2022-08-03T11:22:45","modified_gmt":"2022-08-03T11:22:45","slug":"napo-2","status":"publish","type":"product","link":"https:\/\/pinpseals.com\/it\/prodotto\/napo-2\/","title":{"rendered":"Napo"},"content":{"rendered":"<h4 class=\"themecolor\">Durezza: 90 Shore A<\/h4>\n<h4 class=\"themecolor\">Temp: da -50 a +110<\/h4>\n<h4 class=\"big\">Eccezionale tenacit\u00e0 e resistenza all&#8217;abrasione, buona compatibilit\u00e0 con oli minerali, buona resistenza all&#8217;attacco dell&#8217;ozono, approvato dalla FDA.<\/h4>\n<h4><div id=\"footable_parent_2490\"\n         class=\" footable_parent ninja_table_wrapper loading_ninja_table wp_table_data_press_parent semantic_ui \">\n                <table data-ninja_table_instance=\"ninja_table_instance_0\" data-footable_id=\"2490\" data-filter-delay=\"1000\" aria-label=\"Napo-it\"            id=\"footable_2490\"\n           data-unique_identifier=\"ninja_table_unique_id_1138329076_2490\"\n           class=\" foo-table ninja_footable foo_table_2490 ninja_table_unique_id_1138329076_2490 ui table  nt_type_ajax_table selectable striped vertical_centered  footable-paging-right\">\n                <colgroup>\n                            <col class=\"ninja_column_0 \">\n                            <col class=\"ninja_column_1 \">\n                            <col class=\"ninja_column_2 \">\n                            <col class=\"ninja_column_3 \">\n                    <\/colgroup>\n            <\/table>\n                    <style type=\"text\/css\" id='ninja_table_custom_css_2490'>\n                        #footable_2490  {\n    font-family: inherit;\n    font-size: 14px;\n    }\n\n    \n                <\/style>\n                \n    \n    \n<\/div>\n<\/h4>\n","protected":false},"excerpt":{"rendered":"<h4>Descrizione del progetto<\/h4>\n<h4>PINP NAPO \u00e8 un materiale sigillante universalmente applicabile che si pu\u00f2 caratterizzare per il suo ampio servizio intervallo di temperatura. PINP NAPO \u00e8 approvato dalla FDA che lo rende ottimo per le guarnizioni a pressione che sono a contatto con cibo. Il materiale ha buoni valori di resistenza alla trazione, allungamento a rottura e resistenza allo strappo. Ha anche un set di compressione molto basso. La sua eccellente resistenza all&#8217;usura, elevata elasticit\u00e0, alta dinamica resistenza, cos\u00ec come bassa permeabilit\u00e0, sono altri vantaggi. Inoltre, \u00e8 certificato per il cibo.<\/h4>\n","protected":false},"featured_media":1599,"comment_status":"open","ping_status":"closed","template":"","meta":[],"product_cat":[60,80,76],"product_tag":[],"class_list":["post-2262","product","type-product","status-publish","has-post-thumbnail","hentry","product_cat-materiale","product_cat-materiali-in-poliuretano","product_cat-raw-material-it"],"_links":{"self":[{"href":"https:\/\/pinpseals.com\/it\/wp-json\/wp\/v2\/product\/2262","targetHints":{"allow":["GET"]}}],"collection":[{"href":"https:\/\/pinpseals.com\/it\/wp-json\/wp\/v2\/product"}],"about":[{"href":"https:\/\/pinpseals.com\/it\/wp-json\/wp\/v2\/types\/product"}],"replies":[{"embeddable":true,"href":"https:\/\/pinpseals.com\/it\/wp-json\/wp\/v2\/comments?post=2262"}],"version-history":[{"count":2,"href":"https:\/\/pinpseals.com\/it\/wp-json\/wp\/v2\/product\/2262\/revisions"}],"predecessor-version":[{"id":2493,"href":"https:\/\/pinpseals.com\/it\/wp-json\/wp\/v2\/product\/2262\/revisions\/2493"}],"wp:featuredmedia":[{"embeddable":true,"href":"https:\/\/pinpseals.com\/it\/wp-json\/wp\/v2\/media\/1599"}],"wp:attachment":[{"href":"https:\/\/pinpseals.com\/it\/wp-json\/wp\/v2\/media?parent=2262"}],"wp:term":[{"taxonomy":"product_cat","embeddable":true,"href":"https:\/\/pinpseals.com\/it\/wp-json\/wp\/v2\/product_cat?post=2262"},{"taxonomy":"product_tag","embeddable":true,"href":"https:\/\/pinpseals.com\/it\/wp-json\/wp\/v2\/product_tag?post=2262"}],"curies":[{"name":"wp","href":"https:\/\/api.w.org\/{rel}","templated":true}]}}