{"id":2264,"date":"2022-01-22T09:07:41","date_gmt":"2022-01-22T10:07:41","guid":{"rendered":"https:\/\/pinpseals.com\/product\/monyt\/"},"modified":"2022-08-03T09:22:12","modified_gmt":"2022-08-03T09:22:12","slug":"monyt-2","status":"publish","type":"product","link":"https:\/\/pinpseals.com\/it\/prodotto\/monyt-2\/","title":{"rendered":"Monyt"},"content":{"rendered":"<h4 class=\"themecolor\">Durezza: 82\u00b12 Shore D<\/h4>\n<h4 class=\"themecolor\">Temp: da -50 a +120<\/h4>\n<h4 class=\"big\">Basso set di compressione, eccezionale tenacit\u00e0, resistenza all&#8217;abrasione, buona compatibilit\u00e0 con oli minerali.<\/h4>\n<h4><div id=\"footable_parent_2476\"\n         class=\" footable_parent ninja_table_wrapper loading_ninja_table wp_table_data_press_parent semantic_ui \">\n                <table data-ninja_table_instance=\"ninja_table_instance_0\" data-footable_id=\"2476\" data-filter-delay=\"1000\" aria-label=\"Monyt 1-it\"            id=\"footable_2476\"\n           data-unique_identifier=\"ninja_table_unique_id_1130671738_2476\"\n           class=\" foo-table ninja_footable foo_table_2476 ninja_table_unique_id_1130671738_2476 ui table  nt_type_ajax_table selectable striped vertical_centered  footable-paging-right\">\n                <colgroup>\n                            <col class=\"ninja_column_0 \">\n                            <col class=\"ninja_column_1 \">\n                            <col class=\"ninja_column_2 \">\n                            <col class=\"ninja_column_3 \">\n                    <\/colgroup>\n            <\/table>\n                    <style type=\"text\/css\" id='ninja_table_custom_css_2476'>\n                        #footable_2476  {\n    font-family: inherit;\n    font-size: 14px;\n    }\n\n    \n                <\/style>\n                \n    \n    \n<\/div>\n<\/h4>\n<h4><div id=\"footable_parent_2477\"\n         class=\" footable_parent ninja_table_wrapper loading_ninja_table wp_table_data_press_parent semantic_ui \">\n                <table data-ninja_table_instance=\"ninja_table_instance_1\" data-footable_id=\"2477\" data-filter-delay=\"1000\" aria-label=\"Monyt 2-it\"            id=\"footable_2477\"\n           data-unique_identifier=\"ninja_table_unique_id_1753079047_2477\"\n           class=\" foo-table ninja_footable foo_table_2477 ninja_table_unique_id_1753079047_2477 ui table  nt_type_ajax_table selectable striped vertical_centered  footable-paging-right\">\n                <colgroup>\n                            <col class=\"ninja_column_0 \">\n                            <col class=\"ninja_column_1 \">\n                            <col class=\"ninja_column_2 \">\n                    <\/colgroup>\n            <\/table>\n                    <style type=\"text\/css\" id='ninja_table_custom_css_2476'>\n                        #footable_2476  {\n    font-family: inherit;\n    font-size: 14px;\n    }\n\n    \n                <\/style>\n                                <style type=\"text\/css\" id='ninja_table_custom_css_2477'>\n                        #footable_2477  {\n    font-family: inherit;\n    font-size: 14px;\n    }\n\n    \n                <\/style>\n                \n    \n    \n<\/div>\n<\/h4>\n","protected":false},"excerpt":{"rendered":"<h4>Descrizione del progetto<\/h4>\n<h4>PINP MONYT si \u00e8 rivelata un&#8217;ottima scelta per applicazione su cuscinetti e boccole. \u00c8 alto modulo di compressione dovuto alla fibra di vetro rinforzo ed eccellente stabilit\u00e0 dimensionale \u00e8 molto importante nel suo funzionamento.<br \/>\nIl polimero PINP MONYT \u00e8 resistente all&#8217;idrolisi, Resistente ai raggi UV e ha una compatibilit\u00e0 con olio minerale superiore oltre a una grande resistenza all&#8217;attacco dell&#8217;ozono e agli agenti atmosferici.<\/h4>\n<h4>PINP MONYT ha un&#8217;elevata capacit\u00e0 di carico capacit\u00e0, che lo rende una buona scelta per fasce elastiche e applicazioni con anelli di guida. Eccellente usura resistenza nelle applicazioni ad alta pressione.<\/h4>\n","protected":false},"featured_media":1597,"comment_status":"open","ping_status":"closed","template":"","meta":[],"product_cat":[60,80,76],"product_tag":[],"class_list":["post-2264","product","type-product","status-publish","has-post-thumbnail","hentry","product_cat-materiale","product_cat-materiali-in-poliuretano","product_cat-raw-material-it"],"_links":{"self":[{"href":"https:\/\/pinpseals.com\/it\/wp-json\/wp\/v2\/product\/2264","targetHints":{"allow":["GET"]}}],"collection":[{"href":"https:\/\/pinpseals.com\/it\/wp-json\/wp\/v2\/product"}],"about":[{"href":"https:\/\/pinpseals.com\/it\/wp-json\/wp\/v2\/types\/product"}],"replies":[{"embeddable":true,"href":"https:\/\/pinpseals.com\/it\/wp-json\/wp\/v2\/comments?post=2264"}],"version-history":[{"count":5,"href":"https:\/\/pinpseals.com\/it\/wp-json\/wp\/v2\/product\/2264\/revisions"}],"predecessor-version":[{"id":2479,"href":"https:\/\/pinpseals.com\/it\/wp-json\/wp\/v2\/product\/2264\/revisions\/2479"}],"wp:featuredmedia":[{"embeddable":true,"href":"https:\/\/pinpseals.com\/it\/wp-json\/wp\/v2\/media\/1597"}],"wp:attachment":[{"href":"https:\/\/pinpseals.com\/it\/wp-json\/wp\/v2\/media?parent=2264"}],"wp:term":[{"taxonomy":"product_cat","embeddable":true,"href":"https:\/\/pinpseals.com\/it\/wp-json\/wp\/v2\/product_cat?post=2264"},{"taxonomy":"product_tag","embeddable":true,"href":"https:\/\/pinpseals.com\/it\/wp-json\/wp\/v2\/product_tag?post=2264"}],"curies":[{"name":"wp","href":"https:\/\/api.w.org\/{rel}","templated":true}]}}