{"id":2266,"date":"2022-01-22T08:57:26","date_gmt":"2022-01-22T09:57:26","guid":{"rendered":"https:\/\/pinpseals.com\/product\/wifflon\/"},"modified":"2022-08-03T12:37:30","modified_gmt":"2022-08-03T12:37:30","slug":"wifflon-2","status":"publish","type":"product","link":"https:\/\/pinpseals.com\/it\/prodotto\/wifflon-2\/","title":{"rendered":"Wifflon"},"content":{"rendered":"<h4 class=\"themecolor\">Durezza: 60 Shore D<\/h4>\n<h4 class=\"themecolor\">Temp: da -50 a +120<\/h4>\n<h4 class=\"big\">Basso compression set, eccellente resistenza all&#8217;acqua, resistenza nei fluidi idraulici HFA, HFB e utilizzo di fluidi idraulici biologicamente riducibili.<\/h4>\n<h4><div id=\"footable_parent_2508\"\n         class=\" footable_parent ninja_table_wrapper loading_ninja_table wp_table_data_press_parent semantic_ui \">\n                <table data-ninja_table_instance=\"ninja_table_instance_0\" data-footable_id=\"2508\" data-filter-delay=\"1000\" aria-label=\"Wifflon-it\"            id=\"footable_2508\"\n           data-unique_identifier=\"ninja_table_unique_id_1137460013_2508\"\n           class=\" foo-table ninja_footable foo_table_2508 ninja_table_unique_id_1137460013_2508 ui table  nt_type_ajax_table selectable striped vertical_centered  footable-paging-right\">\n                <colgroup>\n                            <col class=\"ninja_column_0 \">\n                            <col class=\"ninja_column_1 \">\n                            <col class=\"ninja_column_2 \">\n                            <col class=\"ninja_column_3 \">\n                    <\/colgroup>\n            <\/table>\n                    <style type=\"text\/css\" id='ninja_table_custom_css_2508'>\n                        #footable_2508  {\n    font-family: inherit;\n    font-size: 14px;\n    }\n\n    \n                <\/style>\n                \n    \n    \n<\/div>\n<\/h4>\n","protected":false},"excerpt":{"rendered":"<h4>Descrizione del progetto<\/h4>\n<h4>PINP WIFF (Wifflon) \u00e8 un materiale resistente all&#8217;idrolisi per un intervallo di temperatura da &#8211; 50\u00b0C a +150\u00b0C. Specialmente<br \/>\nadatto per guarnizioni pistone\/stelo con energizzatori in elastomero morbido, collettori rotanti o tergicristalli\/raschiatori utilizzati per la contaminazione aggressiva come lo sporco.<br \/>\nIl polimero PINP WIFF \u00e8 resistente all&#8217;idrolisi, ai raggi UV e ha una compatibilit\u00e0 con oli minerali superiore, nonch\u00e9 una grande resistenza all&#8217;attacco dell&#8217;ozono e agenti atmosferici. PINP WIFF ha un&#8217;eccezionale tenacit\u00e0 e resistenza all&#8217;abrasione per l&#8217;alta pressione applicazioni. Il materiale ha una buona compatibilit\u00e0 con oli minerali e una buona resistenza a agenti atmosferici.<\/h4>\n","protected":false},"featured_media":1595,"comment_status":"open","ping_status":"closed","template":"","meta":[],"product_cat":[60,80,76],"product_tag":[],"class_list":["post-2266","product","type-product","status-publish","has-post-thumbnail","hentry","product_cat-materiale","product_cat-materiali-in-poliuretano","product_cat-raw-material-it"],"_links":{"self":[{"href":"https:\/\/pinpseals.com\/it\/wp-json\/wp\/v2\/product\/2266","targetHints":{"allow":["GET"]}}],"collection":[{"href":"https:\/\/pinpseals.com\/it\/wp-json\/wp\/v2\/product"}],"about":[{"href":"https:\/\/pinpseals.com\/it\/wp-json\/wp\/v2\/types\/product"}],"replies":[{"embeddable":true,"href":"https:\/\/pinpseals.com\/it\/wp-json\/wp\/v2\/comments?post=2266"}],"version-history":[{"count":1,"href":"https:\/\/pinpseals.com\/it\/wp-json\/wp\/v2\/product\/2266\/revisions"}],"predecessor-version":[{"id":2511,"href":"https:\/\/pinpseals.com\/it\/wp-json\/wp\/v2\/product\/2266\/revisions\/2511"}],"wp:featuredmedia":[{"embeddable":true,"href":"https:\/\/pinpseals.com\/it\/wp-json\/wp\/v2\/media\/1595"}],"wp:attachment":[{"href":"https:\/\/pinpseals.com\/it\/wp-json\/wp\/v2\/media?parent=2266"}],"wp:term":[{"taxonomy":"product_cat","embeddable":true,"href":"https:\/\/pinpseals.com\/it\/wp-json\/wp\/v2\/product_cat?post=2266"},{"taxonomy":"product_tag","embeddable":true,"href":"https:\/\/pinpseals.com\/it\/wp-json\/wp\/v2\/product_tag?post=2266"}],"curies":[{"name":"wp","href":"https:\/\/api.w.org\/{rel}","templated":true}]}}