{"id":2267,"date":"2022-01-22T08:53:07","date_gmt":"2022-01-22T09:53:07","guid":{"rendered":"https:\/\/pinpseals.com\/product\/hpu\/"},"modified":"2022-08-03T09:05:42","modified_gmt":"2022-08-03T09:05:42","slug":"hpu-2","status":"publish","type":"product","link":"https:\/\/pinpseals.com\/it\/prodotto\/hpu-2\/","title":{"rendered":"Hpu"},"content":{"rendered":"<h4 class=\"themecolor\">Durezza: 95 Shore A<\/h4>\n<h4 class=\"themecolor\">Temp: da -50 a +100<\/h4>\n<h4 class=\"big\">Buona tenacit\u00e0 e resistenza all&#8217;abrasione. buona resistenza agli agenti atmosferici da attacco dell&#8217;ozono, polimero MDI approvato FDA.<\/h4>\n<h4><div id=\"footable_parent_2474\"\n         class=\" footable_parent ninja_table_wrapper loading_ninja_table wp_table_data_press_parent semantic_ui \">\n                <table data-ninja_table_instance=\"ninja_table_instance_0\" data-footable_id=\"2474\" data-filter-delay=\"1000\" aria-label=\"Hpu-it\"            id=\"footable_2474\"\n           data-unique_identifier=\"ninja_table_unique_id_1734008659_2474\"\n           class=\" foo-table ninja_footable foo_table_2474 ninja_table_unique_id_1734008659_2474 ui table  nt_type_ajax_table selectable striped vertical_centered  footable-paging-right\">\n                <colgroup>\n                            <col class=\"ninja_column_0 \">\n                            <col class=\"ninja_column_1 \">\n                            <col class=\"ninja_column_2 \">\n                            <col class=\"ninja_column_3 \">\n                    <\/colgroup>\n            <\/table>\n                    <style type=\"text\/css\" id='ninja_table_custom_css_2474'>\n                        #footable_2474  {\n    font-family: inherit;\n    font-size: 14px;\n    }\n\n    \n                <\/style>\n                \n    \n    \n<\/div>\n<\/h4>\n","protected":false},"excerpt":{"rendered":"<h4>Descrizione del progetto<\/h4>\n<h4>HPU \u00e8 un poliuretano MDI. Ha buoni valori per resistenza alla trazione, allungamento a rottura e resistenza allo strappo.<br \/>\nHa anche un set di compressione molto basso. HPU \u00e8 idrolisi resistente, resistente ai raggi UV e ha un buon olio minerale compatibilit\u00e0 e buona resistenza all&#8217;attacco dell&#8217;ozono e agenti atmosferici. La sua eccellente resistenza all&#8217;usura, alta elasticit\u00e0, elevata resistenza dinamica e bassa permeabilit\u00e0 sono altri vantaggi. \u00c8 certificato FDA. Questo materiale \u00e8 stampati ad iniezione e anche fusi disponibili.<\/h4>\n","protected":false},"featured_media":1594,"comment_status":"open","ping_status":"closed","template":"","meta":[],"product_cat":[60,80,76],"product_tag":[],"class_list":["post-2267","product","type-product","status-publish","has-post-thumbnail","hentry","product_cat-materiale","product_cat-materiali-in-poliuretano","product_cat-raw-material-it"],"_links":{"self":[{"href":"https:\/\/pinpseals.com\/it\/wp-json\/wp\/v2\/product\/2267","targetHints":{"allow":["GET"]}}],"collection":[{"href":"https:\/\/pinpseals.com\/it\/wp-json\/wp\/v2\/product"}],"about":[{"href":"https:\/\/pinpseals.com\/it\/wp-json\/wp\/v2\/types\/product"}],"replies":[{"embeddable":true,"href":"https:\/\/pinpseals.com\/it\/wp-json\/wp\/v2\/comments?post=2267"}],"version-history":[{"count":3,"href":"https:\/\/pinpseals.com\/it\/wp-json\/wp\/v2\/product\/2267\/revisions"}],"predecessor-version":[{"id":2475,"href":"https:\/\/pinpseals.com\/it\/wp-json\/wp\/v2\/product\/2267\/revisions\/2475"}],"wp:featuredmedia":[{"embeddable":true,"href":"https:\/\/pinpseals.com\/it\/wp-json\/wp\/v2\/media\/1594"}],"wp:attachment":[{"href":"https:\/\/pinpseals.com\/it\/wp-json\/wp\/v2\/media?parent=2267"}],"wp:term":[{"taxonomy":"product_cat","embeddable":true,"href":"https:\/\/pinpseals.com\/it\/wp-json\/wp\/v2\/product_cat?post=2267"},{"taxonomy":"product_tag","embeddable":true,"href":"https:\/\/pinpseals.com\/it\/wp-json\/wp\/v2\/product_tag?post=2267"}],"curies":[{"name":"wp","href":"https:\/\/api.w.org\/{rel}","templated":true}]}}