{"id":2269,"date":"2022-01-22T08:32:15","date_gmt":"2022-01-22T09:32:15","guid":{"rendered":"https:\/\/pinpseals.com\/product\/ultra-performance\/"},"modified":"2022-08-03T12:25:58","modified_gmt":"2022-08-03T12:25:58","slug":"ultra-performance-2","status":"publish","type":"product","link":"https:\/\/pinpseals.com\/it\/prodotto\/ultra-performance-2\/","title":{"rendered":"Ultra Performance"},"content":{"rendered":"<h4 class=\"themecolor\">Durezza: 95\u00b12 Shore A<\/h4>\n<h4 class=\"themecolor\">Temp: da -50 a +120<\/h4>\n<h4 class=\"big\">Basso set di compressione, eccezionale tenacit\u00e0, resistenza all&#8217;abrasione, eccellente resistenza all&#8217;acqua calda.<\/h4>\n<h4><div id=\"footable_parent_2504\"\n         class=\" footable_parent ninja_table_wrapper loading_ninja_table wp_table_data_press_parent semantic_ui \">\n                <table data-ninja_table_instance=\"ninja_table_instance_0\" data-footable_id=\"2504\" data-filter-delay=\"1000\" aria-label=\"Ultra Performance-it\"            id=\"footable_2504\"\n           data-unique_identifier=\"ninja_table_unique_id_2135349975_2504\"\n           class=\" foo-table ninja_footable foo_table_2504 ninja_table_unique_id_2135349975_2504 ui table  nt_type_ajax_table selectable striped vertical_centered  footable-paging-right\">\n                <colgroup>\n                            <col class=\"ninja_column_0 \">\n                            <col class=\"ninja_column_1 \">\n                            <col class=\"ninja_column_2 \">\n                            <col class=\"ninja_column_3 \">\n                    <\/colgroup>\n            <\/table>\n                    <style type=\"text\/css\" id='ninja_table_custom_css_2504'>\n                        #footable_2504  {\n    font-family: inherit;\n    font-size: 14px;\n    }\n\n    \n                <\/style>\n                \n    \n    \n<\/div>\n<\/h4>\n","protected":false},"excerpt":{"rendered":"<h4>Descrizione del progetto<\/h4>\n<h4>PINP Ultra Performance ha valori molto buoni per resistenza alla trazione, allungamento a rottura e resistenza allo strappo.<br \/>\nIl poliuretano termoindurente prodotto da PINP Seals ha una vasta gamma di propriet\u00e0, tra cui fluido e resistenza all&#8217;umidit\u00e0. Le guarnizioni in poliuretano offrono eccezionali prestazioni in sistemi idraulici ad alta pressione con contaminazione abrasiva, carichi d&#8217;urto elevati e relativi condizioni avverse.<br \/>\nIl polimero PINP Ultra performante \u00e8 resistente all&#8217;idrolisi, ai raggi UV e ha una qualit\u00e0 superiore compatibilit\u00e0 con oli minerali e grande resistenza all&#8217;attacco dell&#8217;ozono e agli agenti atmosferici. Ha anche un set di compressione molto basso. La sua eccellente resistenza all&#8217;usura, elevata elasticit\u00e0, alta dinamica la resistenza, cos\u00ec come la bassa permeabilit\u00e0, sono solo alcuni dei suoi altri vantaggi. L&#8217;eccezionale la tenacit\u00e0 e l&#8217;abrasione del materiale gli consentono di essere adatto per applicazioni ad alta pressione.<\/h4>\n","protected":false},"featured_media":1592,"comment_status":"open","ping_status":"closed","template":"","meta":[],"product_cat":[60,80,76],"product_tag":[],"class_list":["post-2269","product","type-product","status-publish","has-post-thumbnail","hentry","product_cat-materiale","product_cat-materiali-in-poliuretano","product_cat-raw-material-it"],"_links":{"self":[{"href":"https:\/\/pinpseals.com\/it\/wp-json\/wp\/v2\/product\/2269","targetHints":{"allow":["GET"]}}],"collection":[{"href":"https:\/\/pinpseals.com\/it\/wp-json\/wp\/v2\/product"}],"about":[{"href":"https:\/\/pinpseals.com\/it\/wp-json\/wp\/v2\/types\/product"}],"replies":[{"embeddable":true,"href":"https:\/\/pinpseals.com\/it\/wp-json\/wp\/v2\/comments?post=2269"}],"version-history":[{"count":1,"href":"https:\/\/pinpseals.com\/it\/wp-json\/wp\/v2\/product\/2269\/revisions"}],"predecessor-version":[{"id":2506,"href":"https:\/\/pinpseals.com\/it\/wp-json\/wp\/v2\/product\/2269\/revisions\/2506"}],"wp:featuredmedia":[{"embeddable":true,"href":"https:\/\/pinpseals.com\/it\/wp-json\/wp\/v2\/media\/1592"}],"wp:attachment":[{"href":"https:\/\/pinpseals.com\/it\/wp-json\/wp\/v2\/media?parent=2269"}],"wp:term":[{"taxonomy":"product_cat","embeddable":true,"href":"https:\/\/pinpseals.com\/it\/wp-json\/wp\/v2\/product_cat?post=2269"},{"taxonomy":"product_tag","embeddable":true,"href":"https:\/\/pinpseals.com\/it\/wp-json\/wp\/v2\/product_tag?post=2269"}],"curies":[{"name":"wp","href":"https:\/\/api.w.org\/{rel}","templated":true}]}}